{"id":241834,"date":"2021-03-15T17:57:21","date_gmt":"2021-03-15T16:57:21","guid":{"rendered":"https:\/\/west-blue.com\/shop\/"},"modified":"2022-10-25T20:40:29","modified_gmt":"2022-10-25T18:40:29","slug":"shop","status":"publish","type":"page","link":"https:\/\/www.west-blue.com\/de\/shop\/","title":{"rendered":"Produkte"},"content":{"rendered":"<p>[et_pb_section fb_built=&#8220;1&#8243; _builder_version=&#8220;4.18.0&#8243; _module_preset=&#8220;default&#8220; background_color=&#8220;#F4F4F4&#8243; custom_padding=&#8220;||3px|||&#8220; global_colors_info=&#8220;{}&#8220;][et_pb_row use_custom_gutter=&#8220;on&#8220; make_equal=&#8220;on&#8220; _builder_version=&#8220;4.18.0&#8243; _module_preset=&#8220;default&#8220; width=&#8220;90%&#8220; max_width=&#8220;100%&#8220; custom_padding=&#8220;||||true|false&#8220; global_colors_info=&#8220;{}&#8220;][et_pb_column type=&#8220;4_4&#8243; _builder_version=&#8220;4.18.0&#8243; _module_preset=&#8220;default&#8220; global_colors_info=&#8220;{}&#8220;][et_pb_post_title meta=&#8220;off&#8220; featured_image=&#8220;off&#8220; _builder_version=&#8220;4.18.0&#8243; _module_preset=&#8220;default&#8220; title_font=&#8220;|||on|||||&#8220; title_text_align=&#8220;center&#8220; title_font_size=&#8220;60px&#8220; title_font_size_tablet=&#8220;50px&#8220; title_font_size_phone=&#8220;35px&#8220; title_font_size_last_edited=&#8220;on|phone&#8220; global_colors_info=&#8220;{}&#8220;][\/et_pb_post_title][\/et_pb_column][\/et_pb_row][et_pb_row column_structure=&#8220;1_4,3_4&#8243; use_custom_gutter=&#8220;on&#8220; gutter_width=&#8220;2&#8243; make_equal=&#8220;on&#8220; custom_padding_last_edited=&#8220;on|tablet&#8220; _builder_version=&#8220;4.18.0&#8243; _module_preset=&#8220;default&#8220; width=&#8220;95%&#8220; max_width=&#8220;100%&#8220; custom_padding_tablet=&#8220;0px||||false|false&#8220; custom_padding_phone=&#8220;0px||||false|false&#8220; global_colors_info=&#8220;{}&#8220;][et_pb_column type=&#8220;1_4&#8243; _builder_version=&#8220;4.17.4&#8243; _module_preset=&#8220;default&#8220; global_colors_info=&#8220;{}&#8220;][et_pb_text disabled_on=&#8220;on|on|off&#8220; _builder_version=&#8220;4.18.0&#8243; _module_preset=&#8220;default&#8220; header_3_text_align=&#8220;center&#8220; header_3_text_color=&#8220;#b3b3b3&#8243; background_color=&#8220;#1e1e1e&#8220; custom_margin=&#8220;||-1px||false|false&#8220; custom_padding=&#8220;10px||||false|false&#8220; border_radii=&#8220;off|5px|5px||&#8220; global_colors_info=&#8220;{}&#8220;]<\/p>\n<h3>PRODUKTKATEGORIEN<\/h3>\n<p>[\/et_pb_text][et_pb_sidebar area=&#8220;et_pb_widget_area_6&#8243; disabled_on=&#8220;on|on|off&#8220; module_class=&#8220;nazadnje-ogledani&#8220; _builder_version=&#8220;4.18.0&#8243; _module_preset=&#8220;default&#8220; body_text_color=&#8220;#1E1E1E&#8220; background_enable_color=&#8220;off&#8220; custom_padding=&#8220;20px|15px||15px|false|false&#8220; border_radii=&#8220;off|||5px|5px&#8220; border_width_right=&#8220;1px&#8220; border_color_right=&#8220;#e1e1e1&#8243; border_width_bottom=&#8220;1px&#8220; border_color_bottom=&#8220;#e1e1e1&#8243; border_width_left=&#8220;1px&#8220; border_color_left=&#8220;#e1e1e1&#8243; box_shadow_style=&#8220;preset3&#8243; box_shadow_color=&#8220;rgba(0,0,0,0.12)&#8220; global_colors_info=&#8220;{}&#8220; body_text_color__hover_enabled=&#8220;on|hover&#8220; body_text_color__hover=&#8220;#00AEEF&#8220;][\/et_pb_sidebar][et_pb_text disabled_on=&#8220;on|on|off&#8220; _builder_version=&#8220;4.18.0&#8243; _module_preset=&#8220;default&#8220; header_3_text_align=&#8220;center&#8220; header_3_text_color=&#8220;#b3b3b3&#8243; background_color=&#8220;#1e1e1e&#8220; custom_margin=&#8220;||-1px||false|false&#8220; custom_padding=&#8220;10px||||false|false&#8220; border_radii=&#8220;off|5px|5px||&#8220; global_colors_info=&#8220;{}&#8220;]<\/p>\n<h3>PRODUKTTYPEN<\/h3>\n<p>[\/et_pb_text][et_pb_sidebar area=&#8220;et_pb_widget_area_3&#8243; _builder_version=&#8220;4.18.0&#8243; _module_preset=&#8220;default&#8220; custom_padding=&#8220;20px|15px||15px|false|true&#8220; border_radii=&#8220;off|||5px|5px&#8220; box_shadow_style=&#8220;preset3&#8243; global_colors_info=&#8220;{}&#8220;][\/et_pb_sidebar][et_pb_text disabled_on=&#8220;on|on|off&#8220; _builder_version=&#8220;4.18.0&#8243; _module_preset=&#8220;default&#8220; header_3_text_align=&#8220;center&#8220; header_3_text_color=&#8220;#b3b3b3&#8243; background_color=&#8220;#1e1e1e&#8220; custom_margin=&#8220;||-1px||false|false&#8220; custom_padding=&#8220;10px||||false|false&#8220; border_radii=&#8220;off|5px|5px||&#8220; global_colors_info=&#8220;{}&#8220;]<\/p>\n<h3>PRODUKTE<\/h3>\n<p>[\/et_pb_text][et_pb_sidebar area=&#8220;et_pb_widget_area_7&#8243; disabled_on=&#8220;on|on|off&#8220; module_class=&#8220;nazadnje-ogledani&#8220; _builder_version=&#8220;4.18.0&#8243; _module_preset=&#8220;default&#8220; body_text_color=&#8220;#1E1E1E&#8220; background_color=&#8220;#FFFFFF&#8220; custom_padding=&#8220;20px|15px||15px|false|false&#8220; border_radii=&#8220;off|||5px|5px&#8220; border_width_right=&#8220;1px&#8220; border_color_right=&#8220;#e1e1e1&#8243; border_width_bottom=&#8220;1px&#8220; border_color_bottom=&#8220;#e1e1e1&#8243; border_width_left=&#8220;1px&#8220; border_color_left=&#8220;#e1e1e1&#8243; box_shadow_style=&#8220;preset3&#8243; box_shadow_color=&#8220;rgba(0,0,0,0.12)&#8220; global_colors_info=&#8220;{}&#8220; body_text_color__hover_enabled=&#8220;on|hover&#8220; body_text_color__hover=&#8220;#00AEEF&#8220;][\/et_pb_sidebar][et_pb_sidebar area=&#8220;et_pb_widget_area_8&#8243; show_border=&#8220;off&#8220; _builder_version=&#8220;4.18.0&#8243; _module_preset=&#8220;default&#8220; module_alignment=&#8220;center&#8220; global_colors_info=&#8220;{}&#8220;][\/et_pb_sidebar][et_pb_text disabled_on=&#8220;on|on|off&#8220; _builder_version=&#8220;4.18.0&#8243; _module_preset=&#8220;default&#8220; header_3_text_align=&#8220;center&#8220; header_3_text_color=&#8220;#b3b3b3&#8243; background_color=&#8220;#1e1e1e&#8220; custom_margin=&#8220;||-1px||false|false&#8220; custom_padding=&#8220;10px||||false|false&#8220; border_radii=&#8220;off|5px|5px||&#8220; global_colors_info=&#8220;{}&#8220;]<\/p>\n<h3>ZULETZT GESEHEN<\/h3>\n<p>[\/et_pb_text][et_pb_sidebar area=&#8220;et_pb_widget_area_1&#8243; disabled_on=&#8220;on|on|off&#8220; module_class=&#8220;nazadnje-ogledani&#8220; _builder_version=&#8220;4.18.0&#8243; _module_preset=&#8220;default&#8220; body_text_color=&#8220;#1E1E1E&#8220; background_color=&#8220;#FFFFFF&#8220; custom_padding=&#8220;20px|15px||15px|false|false&#8220; border_radii=&#8220;off|||5px|5px&#8220; border_width_right=&#8220;1px&#8220; border_color_right=&#8220;#e1e1e1&#8243; border_width_bottom=&#8220;1px&#8220; border_color_bottom=&#8220;#e1e1e1&#8243; border_width_left=&#8220;1px&#8220; border_color_left=&#8220;#e1e1e1&#8243; box_shadow_style=&#8220;preset3&#8243; box_shadow_color=&#8220;rgba(0,0,0,0.12)&#8220; global_colors_info=&#8220;{}&#8220; body_text_color__hover_enabled=&#8220;on|hover&#8220; body_text_color__hover=&#8220;#00AEEF&#8220;][\/et_pb_sidebar][et_pb_br_filters_group group_id=&#8220;243260&#8243; _builder_version=&#8220;4.18.0&#8243; _module_preset=&#8220;default&#8220; module_font=&#8220;||||||||&#8220; module_text_align=&#8220;center&#8220; hover_enabled=&#8220;0&#8243; global_colors_info=&#8220;{}&#8220; disabled_on=&#8220;off|off|on&#8220; sticky_enabled=&#8220;0&#8243;][\/et_pb_br_filters_group][\/et_pb_column][et_pb_column type=&#8220;3_4&#8243; _builder_version=&#8220;4.17.4&#8243; _module_preset=&#8220;default&#8220; global_colors_info=&#8220;{}&#8220;][et_pb_shop show_pagination=&#8220;on&#8220; columns_number=&#8220;4&#8243; _builder_version=&#8220;4.18.0&#8243; _module_preset=&#8220;default&#8220; title_text_align=&#8220;center&#8220; title_font_size=&#8220;26px&#8220; title_font_size_tablet=&#8220;26px&#8220; title_font_size_phone=&#8220;19px&#8220; title_font_size_last_edited=&#8220;on|phone&#8220; bapf_apply=&#8220;enable&#8220; global_colors_info=&#8220;{}&#8220; custom_css_product__hover_enabled=&#8220;off|hover&#8220;][\/et_pb_shop][dsm_text_divider header=&#8220;Zuletzt angesehen&#8220; disabled_on=&#8220;off|off|on&#8220; _builder_version=&#8220;4.18.0&#8243; _module_preset=&#8220;default&#8220; header_font=&#8220;|||on|||||&#8220; header_font_size_tablet=&#8220;50px&#8220; header_font_size_phone=&#8220;35px&#8220; header_font_size_last_edited=&#8220;on|desktop&#8220; global_colors_info=&#8220;{}&#8220;][\/dsm_text_divider][et_pb_sidebar area=&#8220;et_pb_widget_area_1&#8243; disabled_on=&#8220;off|off|on&#8220; module_class=&#8220;nazadnje-ogledani&#8220; _builder_version=&#8220;4.18.0&#8243; _module_preset=&#8220;default&#8220; body_text_color=&#8220;#1E1E1E&#8220; background_enable_color=&#8220;off&#8220; custom_padding=&#8220;20px|15px||15px|false|false&#8220; border_color_right=&#8220;#e1e1e1&#8243; border_color_bottom=&#8220;#e1e1e1&#8243; border_color_left=&#8220;#e1e1e1&#8243; global_colors_info=&#8220;{}&#8220; body_text_color__hover_enabled=&#8220;on|hover&#8220; body_text_color__hover=&#8220;#00AEEF&#8220;][\/et_pb_sidebar][\/et_pb_column][\/et_pb_row][\/et_pb_section][et_pb_section fb_built=&#8220;1&#8243; custom_padding_last_edited=&#8220;on|phone&#8220; _builder_version=&#8220;4.18.0&#8243; _module_preset=&#8220;default&#8220; background_color=&#8220;#F4F4F4&#8243; custom_padding=&#8220;40px||0px||false|false&#8220; custom_padding_tablet=&#8220;0px||||false|false&#8220; custom_padding_phone=&#8220;0px||||false|false&#8220; global_module=&#8220;240215&#8243; global_colors_info=&#8220;{}&#8220;][et_pb_row _builder_version=&#8220;4.18.0&#8243; _module_preset=&#8220;default&#8220; width=&#8220;90%&#8220; max_width=&#8220;100%&#8220; global_colors_info=&#8220;{}&#8220;][et_pb_column type=&#8220;4_4&#8243; _builder_version=&#8220;4.18.0&#8243; _module_preset=&#8220;default&#8220; global_colors_info=&#8220;{}&#8220;][dsm_text_divider header=&#8220;Geschenkgutscheine&#8220; divider_weight=&#8220;1.5px&#8220; _builder_version=&#8220;4.18.0&#8243; _module_preset=&#8220;default&#8220; header_level=&#8220;h2&#8243; header_font=&#8220;|||on|||||&#8220; header_text_align=&#8220;center&#8220; header_text_color=&#8220;#1e1e1e&#8220; header_font_size=&#8220;60px&#8220; max_width=&#8220;70%&#8220; max_width_tablet=&#8220;&#8220; max_width_phone=&#8220;85%&#8220; max_width_last_edited=&#8220;on|tablet&#8220; module_alignment=&#8220;center&#8220; custom_margin=&#8220;||5px||false|false&#8220; header_font_size_tablet=&#8220;50px&#8220; header_font_size_phone=&#8220;45px&#8220; header_font_size_last_edited=&#8220;on|phone&#8220; global_colors_info=&#8220;{}&#8220;][\/dsm_text_divider][\/et_pb_column][\/et_pb_row][et_pb_row column_structure=&#8220;1_2,1_2&#8243; make_equal=&#8220;on&#8220; _builder_version=&#8220;4.18.0&#8243; _module_preset=&#8220;default&#8220; width=&#8220;100%&#8220; max_width=&#8220;100%&#8220; global_colors_info=&#8220;{}&#8220;][et_pb_column type=&#8220;1_2&#8243; _builder_version=&#8220;4.18.0&#8243; _module_preset=&#8220;default&#8220; custom_padding=&#8220;|||90px|false|false&#8220; custom_padding_tablet=&#8220;|60px||60px|false|false&#8220; custom_padding_phone=&#8220;|30px||30px|false|false&#8220; custom_padding_last_edited=&#8220;on|tablet&#8220; global_colors_info=&#8220;{}&#8220;][et_pb_text _builder_version=&#8220;4.18.0&#8243; _module_preset=&#8220;default&#8220; global_colors_info=&#8220;{}&#8220;]<\/p>\n<p>Aufgrund der gro\u00dfen Nachfrage haben wir nun auch den Kauf von Geschenkgutscheinen auf unserer Website erm\u00f6glicht. Sie k\u00f6nnen Geschenkgutscheine kaufen, indem Sie einfach auf die Schaltfl\u00e4che unten klicken, den gew\u00fcnschten Wert des Geschenkgutscheins ausw\u00e4hlen und den Kauf abschlie\u00dfen.<\/p>\n<p>Ein Geschenkgutschein ist ein tolles Geschenk f\u00fcr jeden! Verarbeitungsqualit\u00e4t, Materialien, Design und Passform \u00fcberzeugen jeden. Sollte der Beschenkte des Geschenkgutscheins jedoch spezielle W\u00fcnsche oder Bed\u00fcrfnisse haben, kann die Kleidung angepasst und nach den Ma\u00dfen des Kunden angefertigt werden.<\/p>\n<p>&nbsp;<\/p>\n<p>[\/et_pb_text][et_pb_blurb title=&#8220;Ein ausgezeichnetes Geschenk, das auch die anspruchsvollsten erfreuen wird&#8220; use_icon=&#8220;on&#8220; font_icon=&#8220;&#x5a;||divi||400&#8243; icon_placement=&#8220;left&#8220; image_icon_width=&#8220;25px&#8220; _builder_version=&#8220;4.18.0&#8243; _module_preset=&#8220;default&#8220; header_font=&#8220;||||||||&#8220; header_font_size=&#8220;20px&#8220; header_line_height=&#8220;1.5em&#8220; custom_margin=&#8220;||20px||false|false&#8220; custom_margin_tablet=&#8220;||20px||false|false&#8220; custom_margin_phone=&#8220;30px||||false|false&#8220; custom_margin_last_edited=&#8220;on|phone&#8220; global_colors_info=&#8220;{}&#8220;][\/et_pb_blurb][et_pb_blurb title=&#8220;Der Gutschein ist sowohl f\u00fcr Bekleidung als auch f\u00fcr Dienstleistungen einl\u00f6sbar&#8220; use_icon=&#8220;on&#8220; font_icon=&#8220;&#x5a;||divi||400&#8243; icon_placement=&#8220;left&#8220; image_icon_width=&#8220;25px&#8220; _builder_version=&#8220;4.18.0&#8243; _module_preset=&#8220;default&#8220; header_font=&#8220;||||||||&#8220; header_font_size=&#8220;20px&#8220; header_line_height=&#8220;1.5em&#8220; custom_margin=&#8220;||20px||false|false&#8220; global_colors_info=&#8220;{}&#8220;][\/et_pb_blurb][et_pb_blurb title=&#8220;Auch f\u00fcr Kleidung nach Kundenwunsch&#8220; use_icon=&#8220;on&#8220; font_icon=&#8220;&#x5a;||divi||400&#8243; icon_placement=&#8220;left&#8220; image_icon_width=&#8220;25px&#8220; _builder_version=&#8220;4.18.0&#8243; _module_preset=&#8220;default&#8220; header_font=&#8220;||||||||&#8220; header_font_size=&#8220;20px&#8220; header_line_height=&#8220;1.5em&#8220; custom_margin=&#8220;||||false|false&#8220; custom_margin_tablet=&#8220;||||false|false&#8220; custom_margin_phone=&#8220;||50px||false|false&#8220; custom_margin_last_edited=&#8220;on|phone&#8220; global_colors_info=&#8220;{}&#8220;][\/et_pb_blurb][et_pb_button button_url=&#8220;@ET-DC@eyJkeW5hbWljIjp0cnVlLCJjb250ZW50IjoicG9zdF9saW5rX3VybF9wcm9kdWN0Iiwic2V0dGluZ3MiOnsicG9zdF9pZCI6IjIzOTY2OCJ9fQ==@&#8220; button_text=&#8220;Geschenkgutschein kaufen&#8220; button_alignment=&#8220;center&#8220; disabled_on=&#8220;on|off|off&#8220; _builder_version=&#8220;4.18.0&#8243; _dynamic_attributes=&#8220;button_url&#8220; _module_preset=&#8220;default&#8220; global_colors_info=&#8220;{}&#8220;][\/et_pb_button][\/et_pb_column][et_pb_column type=&#8220;1_2&#8243; _builder_version=&#8220;4.18.0&#8243; _module_preset=&#8220;default&#8220; global_colors_info=&#8220;{}&#8220;][et_pb_image src=&#8220;https:\/\/west-blue.com\/wp-content\/uploads\/2022\/09\/Darilni_boni_sample.jpg&#8220; alt=&#8220;Bluedesign by West Blue&#8220; title_text=&#8220;Darilni_boni_sample&#8220; _builder_version=&#8220;4.18.0&#8243; _module_preset=&#8220;default&#8220; global_colors_info=&#8220;{}&#8220;][\/et_pb_image][et_pb_button button_url=&#8220;@ET-DC@eyJkeW5hbWljIjp0cnVlLCJjb250ZW50IjoicG9zdF9saW5rX3VybF9wcm9kdWN0Iiwic2V0dGluZ3MiOnsicG9zdF9pZCI6IjIzOTY2OCJ9fQ==@&#8220; button_text=&#8220;Geschenkgutschein kaufen&#8220; button_alignment=&#8220;center&#8220; disabled_on=&#8220;off|on|on&#8220; _builder_version=&#8220;4.18.0&#8243; _dynamic_attributes=&#8220;button_url&#8220; _module_preset=&#8220;default&#8220; global_colors_info=&#8220;{}&#8220;][\/et_pb_button][et_pb_image src=&#8220;https:\/\/west-blue.com\/wp-content\/uploads\/2022\/10\/Geschenkgutscheine-label-250.png&#8220; alt=&#8220;Bluedesign by West Blue&#8220; align=&#8220;center&#8220; _builder_version=&#8220;4.18.0&#8243; _module_preset=&#8220;default&#8220; positioning=&#8220;absolute&#8220; width=&#8220;100%&#8220; width_tablet=&#8220;25%&#8220; width_phone=&#8220;30%&#8220; width_last_edited=&#8220;on|phone&#8220; custom_margin=&#8220;-150px|||200px|false|false&#8220; custom_margin_tablet=&#8220;-300px|||520px|false|false&#8220; custom_margin_phone=&#8220;0px|||270px|false|false&#8220; custom_margin_last_edited=&#8220;on|tablet&#8220; scroll_rotating_enable=&#8220;on&#8220; scroll_rotating=&#8220;0|50|50|100|60\u00b0|0|-60\u00b0&#8220; global_colors_info=&#8220;{}&#8220;][\/et_pb_image][\/et_pb_column][\/et_pb_row][\/et_pb_section]<\/p>\n","protected":false},"excerpt":{"rendered":"<p>PRODUKTKATEGORIENPRODUKTTYPENPRODUKTEZULETZT GESEHEN<div class=\"et_pb_module dsm_text_divider dsm_text_divider_0\">\n\t\t\t\t\n\t\t\t\t\n\t\t\t\t\n\t\t\t\t\n\t\t\t\t\n\t\t\t\t\n\t\t\t\t<div class=\"et_pb_module_inner\">\n\t\t\t\t\t<div class=\"dsm-text-divider-wrapper dsm-text-divider-align-center et_pb_bg_layout_light\">\n\t\t\t\t\n\t\t\t\t\n\t\t\t\t<div class=\"dsm-text-divider-before dsm-divider\"><\/div>\n\t\t\t\t<h3 class=\"dsm-text-divider-header et_pb_module_header\"><span>Zuletzt angesehen<\/span><\/h3>\n\t\t\t\t<div class=\"dsm-text-divider-after dsm-divider\"><\/div>\n\t\t\t<\/div>\n\t\t\t\t<\/div>\n\t\t\t<\/div><div class=\"et_pb_module dsm_text_divider dsm_text_divider_1\">\n\t\t\t\t\n\t\t\t\t\n\t\t\t\t\n\t\t\t\t\n\t\t\t\t\n\t\t\t\t\n\t\t\t\t<div class=\"et_pb_module_inner\">\n\t\t\t\t\t<div class=\"dsm-text-divider-wrapper dsm-text-divider-align-center et_pb_bg_layout_light\">\n\t\t\t\t\n\t\t\t\t\n\t\t\t\t<div class=\"dsm-text-divider-before dsm-divider\"><\/div>\n\t\t\t\t<h2 class=\"dsm-text-divider-header et_pb_module_header\"><span>Geschenkgutscheine<\/span><\/h2>\n\t\t\t\t<div class=\"dsm-text-divider-after dsm-divider\"><\/div>\n\t\t\t<\/div>\n\t\t\t\t<\/div>\n\t\t\t<\/div>Aufgrund der gro\u00dfen Nachfrage haben wir nun auch den Kauf von Geschenkgutscheinen auf unserer Website erm\u00f6glicht. Sie k\u00f6nnen Geschenkgutscheine kaufen, indem Sie einfach auf die [&hellip;]<\/p>\n","protected":false},"author":1,"featured_media":0,"parent":0,"menu_order":0,"comment_status":"closed","ping_status":"closed","template":"","meta":{"_et_pb_use_builder":"on","_et_pb_old_content":"","_et_gb_content_width":"","_monsterinsights_skip_tracking":false,"_monsterinsights_sitenote_active":false,"_monsterinsights_sitenote_note":"","_monsterinsights_sitenote_category":0,"footnotes":""},"class_list":["post-241834","page","type-page","status-publish","hentry"],"_links":{"self":[{"href":"https:\/\/www.west-blue.com\/de\/wp-json\/wp\/v2\/pages\/241834","targetHints":{"allow":["GET"]}}],"collection":[{"href":"https:\/\/www.west-blue.com\/de\/wp-json\/wp\/v2\/pages"}],"about":[{"href":"https:\/\/www.west-blue.com\/de\/wp-json\/wp\/v2\/types\/page"}],"author":[{"embeddable":true,"href":"https:\/\/www.west-blue.com\/de\/wp-json\/wp\/v2\/users\/1"}],"replies":[{"embeddable":true,"href":"https:\/\/www.west-blue.com\/de\/wp-json\/wp\/v2\/comments?post=241834"}],"version-history":[{"count":0,"href":"https:\/\/www.west-blue.com\/de\/wp-json\/wp\/v2\/pages\/241834\/revisions"}],"wp:attachment":[{"href":"https:\/\/www.west-blue.com\/de\/wp-json\/wp\/v2\/media?parent=241834"}],"curies":[{"name":"wp","href":"https:\/\/api.w.org\/{rel}","templated":true}]}}