{"id":242868,"date":"2021-03-15T17:42:33","date_gmt":"2021-03-15T16:42:33","guid":{"rendered":"https:\/\/west-blue.com\/datenschutz-bestimmungen\/"},"modified":"2022-10-17T00:27:17","modified_gmt":"2022-10-16T22:27:17","slug":"datenschutz-bestimmungen","status":"publish","type":"page","link":"https:\/\/www.west-blue.com\/de\/datenschutz-bestimmungen\/","title":{"rendered":"Datenschutz-Bestimmungen"},"content":{"rendered":"<p>[et_pb_section fb_built=&#8220;1&#8243; theme_builder_area=&#8220;post_content&#8220; _builder_version=&#8220;4.18.0&#8243; _module_preset=&#8220;default&#8220;][et_pb_row _builder_version=&#8220;4.18.0&#8243; _module_preset=&#8220;default&#8220; theme_builder_area=&#8220;post_content&#8220; hover_enabled=&#8220;0&#8243; sticky_enabled=&#8220;0&#8243;][et_pb_column _builder_version=&#8220;4.18.0&#8243; _module_preset=&#8220;default&#8220; type=&#8220;4_4&#8243; theme_builder_area=&#8220;post_content&#8220;][et_pb_text _builder_version=&#8220;4.18.0&#8243; _module_preset=&#8220;default&#8220; theme_builder_area=&#8220;post_content&#8220; hover_enabled=&#8220;0&#8243; sticky_enabled=&#8220;0&#8243;]<\/p>\n<p><strong>DATENSCHUTZ:<\/strong><\/p>\n<p><strong>\u00a0<\/strong><\/p>\n<p><strong>Datenschutz und Umgang mit personenbezogenen Daten<\/strong><\/p>\n<p><strong>Eigent\u00fcmer und Betreiber der Website<\/strong><\/p>\n<p><strong>Name:<\/strong> BLUEDESIGN, TJA\u0160A REM\u0160AK S.P. (im Folgenden Bluedesign)<\/p>\n<p><strong>Adresse:<\/strong> Cesta na Lepo njiva 21, 3330 Mozirje<\/p>\n<p><strong>Registrierungsnummer:<\/strong> 5184492000<\/p>\n<p><strong>Steuernummer:<\/strong> SI 8760949<\/p>\n<p><strong>E-Mail-Adresse:<\/strong> <a href=\"mailto:info@west-blue.com\">info@west-blue.com<\/a><\/p>\n<p>Bei Bluedesign ber\u00fccksichtigen und implementieren wir alle Aktivit\u00e4ten zum Schutz und ethischen Umgang mit den personenbezogenen Daten unserer Kunden. Alle Aktivit\u00e4ten stehen im Einklang mit der Gesetzgebung (Gesetz zum Schutz personenbezogener Daten ZVOP-2, Amtsblatt der RS \u200b\u200bNr. 94\/07 und GDPR).<\/p>\n<p>Die Website <a href=\"mailto:https:\/\/west-blue.com\">west-blue.com<\/a> sammelt Ihre pers\u00f6nlichen Daten <strong>nur, wenn sie dies zul\u00e4sst<\/strong ><strong> lesen<\/strong><strong>site.<\/strong><strong>\u00a0<\/strong>Wann:<\/p>\n<ul>\n<li>senden Sie das Online-Formular ab<\/li>\n<li>registrieren (Benutzerkonto anlegen)<\/li>\n<li>einkaufen<\/li>\n<li>melden Sie sich f\u00fcr unsere E-News an<\/li>\n<\/ul>\n<p>Erm\u00f6glichung der Erhebung personenbezogener Daten. Ihre Daten werden nur f\u00fcr die Zwecke verarbeitet, f\u00fcr die sie uns zur Verf\u00fcgung gestellt wurden. Wir verwenden oder missbrauchen die erhaltenen Daten nicht f\u00fcr andere Zwecke.<\/p>\n<p><strong>Nutzung und Zweck der Datenspeicherung und -verarbeitung<\/strong><\/p>\n<p>Wir speichern und verarbeiten die angegebenen personenbezogenen Daten ausschlie\u00dflich zum Zwecke der Gesch\u00e4ftskommunikation.<br \/>Ein K\u00e4ufer, der freiwillig angibt, dass er E-News erhalten m\u00f6chte, erkl\u00e4rt sich damit einverstanden, regelm\u00e4\u00dfig \u00fcber Neuigkeiten und Werbeaktionen per E-Mail informiert zu werden. <br \/ >Wir behalten uns das Recht vor, ausschlie\u00dflich die durch die oben erhaltenen Methoden erhaltenen Daten zu speichern.<\/p>\n<p>Sie k\u00f6nnen Vorname, Nachname, E-Mail-Adresse, Adresse, Telefonnummer, Vip-Kartennummer oder andere freiwillig bereitgestellte Informationen enthalten.<\/p>\n<p>Wir bewahren die Daten auf, bis der Kunde k\u00fcndigt. Um gespeicherte personenbezogene Daten einzusehen, k\u00f6nnen Sie uns unter der oben genannten E-Mail-Adresse kontaktieren. Sie k\u00f6nnen Ihre Einwilligung zur Verwendung personenbezogener Daten jederzeit widerrufen. Bitte teilen Sie dies auch per E-Mail mit. Nach Erhalt des Widerrufs der Einwilligung l\u00f6schen wir alle Ihre Daten innerhalb von 7 Tagen.<\/p>\n<p><strong>Analyse des Website-Traffics<\/strong><\/p>\n<p>Wir verwenden die folgenden Tools, um Website-Traffic-Daten zu analysieren:<\/p>\n<ul>\n<li>Google Analytics<\/li>\n<li>Google-Webmaster<\/li>\n<li>Tools zur internen Verkaufsanalyse<\/li>\n<li>Facebook-Analysetools<\/li>\n<\/ul>\n<p>Wir verwenden <strong>die erhaltenen personenbezogenen Daten (Benutzerkonto, Auftragserteilung, Kontakt) nicht, um den Website-Traffic zu analysieren<\/strong>. <\/p>\n<p><strong>Cookies<\/strong><\/p>\n<p>Wir verwenden Cookies auf der Website. Weiter unten k\u00f6nnen Sie mehr lesen.<\/p>\n<p><strong>Cookies:<\/strong><\/p>\n<p><strong>WAS SIND COOKIES<\/strong><\/p>\n<p>Cookies oder kurze Textdateien, die die Website an den Browser sendet. Cookies dienen dazu, dass der Computer den Webserver wiedererkennt. Sie verbessern die Benutzererfahrung, werden aber nicht unbedingt von der Website verwendet.<\/p>\n<p>Beim \u00d6ffnen der Website <a href=\"mailto:https:\/\/west-blue.com\">west-blue.com<\/a> k\u00f6nnen Sie der Verwendung von Cookies zustimmen oder die Verwendung ablehnen.< \/p><\/p>\n<p>Wir kennen tempor\u00e4re Cookies, die nur f\u00fcr den Moment erstellt werden. Die Daten werden beim Surfen auf der Website erfasst und beim Schlie\u00dfen des Browserfensters gel\u00f6scht. Im Gegensatz dazu verbleiben dauerhafte Cookies auf Ihrem Computer oder einem anderen mobilen Ger\u00e4t. Sie werden bei jedem Besuch der Website aktiviert.<\/p>\n<p><strong>PERMANENTE COOKIES, DIE WIR VERWENDEN<\/strong><\/p>\n<p>Die Website verwendet Google Analytics-Cookies (_ga,_utma, _utmb, _utmc, _utmz). Weitere Informationen zu Google Analytics-Cookies finden Sie <a href=\"https:\/\/developers.google.com\/analytics\/devguides\/collection\/analyticsjs\/cookie-usage\" target=\"_blank\" rel=\"noopener\">hier<\/a>.<\/p>\n<p>Wir verwenden auch Session-Cookies. Diese werden im tempor\u00e4ren Speicher abgelegt und beim Schlie\u00dfen des Browsers gel\u00f6scht. Sie sammeln keine Informationen von Benutzern.<\/p>\n<p>Sie k\u00f6nnen Cookies jederzeit in Ihren Browsereinstellungen deaktivieren.<\/p>\n<p>&nbsp;<\/p>\n<p>[\/et_pb_text][\/et_pb_column][\/et_pb_row][\/et_pb_section]<\/p>\n","protected":false},"excerpt":{"rendered":"<p>DATENSCHUTZ: \u00a0 Datenschutz und Umgang mit personenbezogenen Daten Eigent\u00fcmer und Betreiber der Website Name: BLUEDESIGN, TJA\u0160A REM\u0160AK S.P. (im Folgenden Bluedesign) Adresse: Cesta na Lepo njiva 21, 3330 Mozirje Registrierungsnummer: 5184492000 Steuernummer: SI 8760949 E-Mail-Adresse: info@west-blue.com Bei Bluedesign ber\u00fccksichtigen und implementieren wir alle Aktivit\u00e4ten zum Schutz und ethischen Umgang mit den personenbezogenen Daten unserer Kunden. [&hellip;]<\/p>\n","protected":false},"author":1,"featured_media":0,"parent":0,"menu_order":0,"comment_status":"closed","ping_status":"open","template":"","meta":{"_et_pb_use_builder":"on","_et_pb_old_content":"","_et_gb_content_width":"","_monsterinsights_skip_tracking":false,"_monsterinsights_sitenote_active":false,"_monsterinsights_sitenote_note":"","_monsterinsights_sitenote_category":0,"footnotes":""},"class_list":["post-242868","page","type-page","status-publish","hentry"],"_links":{"self":[{"href":"https:\/\/www.west-blue.com\/de\/wp-json\/wp\/v2\/pages\/242868","targetHints":{"allow":["GET"]}}],"collection":[{"href":"https:\/\/www.west-blue.com\/de\/wp-json\/wp\/v2\/pages"}],"about":[{"href":"https:\/\/www.west-blue.com\/de\/wp-json\/wp\/v2\/types\/page"}],"author":[{"embeddable":true,"href":"https:\/\/www.west-blue.com\/de\/wp-json\/wp\/v2\/users\/1"}],"replies":[{"embeddable":true,"href":"https:\/\/www.west-blue.com\/de\/wp-json\/wp\/v2\/comments?post=242868"}],"version-history":[{"count":0,"href":"https:\/\/www.west-blue.com\/de\/wp-json\/wp\/v2\/pages\/242868\/revisions"}],"wp:attachment":[{"href":"https:\/\/www.west-blue.com\/de\/wp-json\/wp\/v2\/media?parent=242868"}],"curies":[{"name":"wp","href":"https:\/\/api.w.org\/{rel}","templated":true}]}}