{"id":242893,"date":"2022-09-15T00:56:16","date_gmt":"2022-09-14T22:56:16","guid":{"rendered":"https:\/\/west-blue.com\/stickerei\/"},"modified":"2022-10-19T21:48:58","modified_gmt":"2022-10-19T19:48:58","slug":"stickerei","status":"publish","type":"page","link":"https:\/\/www.west-blue.com\/de\/stickerei\/","title":{"rendered":"Stickerei"},"content":{"rendered":"<p>[et_pb_section fb_built=&#8220;1&#8243; fullwidth=&#8220;on&#8220; _builder_version=&#8220;4.18.0&#8243; _module_preset=&#8220;default&#8220; global_colors_info=&#8220;{}&#8220;][et_pb_fullwidth_slider _builder_version=&#8220;4.18.0&#8243; _module_preset=&#8220;default&#8220; global_colors_info=&#8220;{}&#8220;][et_pb_slide heading=&#8220;Stickerei auf allen Stoffarten&#8220; content_tablet=&#8220;<\/p>\n<p><span>Die hochwertigste und langlebigste Art, Textilien zu verzieren und Kleidung erkennbar zu machen, ist die Maschinenstickerei auf Textilien. <\/span><\/p>\n<p>&#8220; content_phone=&#8220;&#8220; content_last_edited=&#8220;on|desktop&#8220; _builder_version=&#8220;4.18.0&#8243; _module_preset=&#8220;default&#8220; header_font=&#8220;|600||on|||||&#8220; header_font_size=&#8220;60px&#8220; body_font_size=&#8220;17px&#8220; background_enable_color=&#8220;off&#8220; background_image=&#8220;https:\/\/west-blue.com\/wp-content\/uploads\/2022\/09\/vezenje-v-delu.jpg&#8220; background_enable_image=&#8220;on&#8220; header_font_size_tablet=&#8220;50px&#8220; header_font_size_phone=&#8220;35px&#8220; header_font_size_last_edited=&#8220;on|phone&#8220; body_font_size_tablet=&#8220;14px&#8220; body_font_size_phone=&#8220;14px&#8220; body_font_size_last_edited=&#8220;on|phone&#8220; global_colors_info=&#8220;{}&#8220; sticky_transition=&#8220;on&#8220;]<\/p>\n<p><span>Die hochwertigste und langlebigste Art, Textilien zu verzieren und Kleidung erkennbar zu machen, ist die Maschinenstickerei auf Textilien. <\/span><\/p>\n<p>[\/et_pb_slide][\/et_pb_fullwidth_slider][\/et_pb_section][et_pb_section fb_built=&#8220;1&#8243; _builder_version=&#8220;4.18.0&#8243; _module_preset=&#8220;default&#8220; background_color=&#8220;#F4F4F4&#8243; background_enable_mask_style=&#8220;on&#8220; background_mask_style=&#8220;diagonal-bars&#8220; background_mask_color=&#8220;#efefef&#8220; background_mask_transform=&#8220;rotate_90_degree|invert&#8220; global_colors_info=&#8220;{}&#8220;][et_pb_row use_custom_gutter=&#8220;on&#8220; gutter_width=&#8220;2&#8243; make_equal=&#8220;on&#8220; _builder_version=&#8220;4.17.4&#8243; _module_preset=&#8220;default&#8220; width=&#8220;90%&#8220; max_width=&#8220;100%&#8220; saved_tabs=&#8220;all&#8220; global_colors_info=&#8220;{}&#8220;][et_pb_column type=&#8220;4_4&#8243; _builder_version=&#8220;4.17.4&#8243; _module_preset=&#8220;default&#8220; global_colors_info=&#8220;{}&#8220;][dsm_text_divider header=&#8220;Stickerei&#8220; divider_weight=&#8220;1.5px&#8220; _builder_version=&#8220;4.18.0&#8243; _module_preset=&#8220;default&#8220; header_level=&#8220;h1&#8243; header_font=&#8220;|||on|||||&#8220; header_text_align=&#8220;center&#8220; header_font_size=&#8220;60px&#8220; max_width=&#8220;70%&#8220; max_width_tablet=&#8220;&#8220; max_width_phone=&#8220;85%&#8220; max_width_last_edited=&#8220;on|tablet&#8220; module_alignment=&#8220;center&#8220; custom_margin=&#8220;||5px||false|false&#8220; header_font_size_tablet=&#8220;50px&#8220; header_font_size_phone=&#8220;45px&#8220; header_font_size_last_edited=&#8220;on|phone&#8220; global_colors_info=&#8220;{}&#8220;][\/dsm_text_divider][et_pb_text _builder_version=&#8220;4.18.0&#8243; _module_preset=&#8220;default&#8220; text_font=&#8220;|600|||||||&#8220; text_line_height=&#8220;1em&#8220; text_orientation=&#8220;center&#8220; text_font_size_tablet=&#8220;15px&#8220; text_font_size_phone=&#8220;14px&#8220; text_font_size_last_edited=&#8220;on|phone&#8220; global_colors_info=&#8220;{}&#8220;]<\/p>\n<p><span style=\"font-weight: 400;\">Wir bieten hochwertige Stickereien auf allen Arten von Stoffen<\/span><\/p>\n<p>[\/et_pb_text][\/et_pb_column][\/et_pb_row][et_pb_row column_structure=&#8220;1_2,1_2&#8243; use_custom_gutter=&#8220;on&#8220; gutter_width=&#8220;1&#8243; make_equal=&#8220;on&#8220; module_class=&#8220;reverse-columns-mobile&#8220; _builder_version=&#8220;4.18.0&#8243; _module_preset=&#8220;default&#8220; background_enable_color=&#8220;off&#8220; width=&#8220;90%&#8220; max_width=&#8220;100%&#8220; custom_margin=&#8220;||-100px||false|false&#8220; custom_margin_tablet=&#8220;||-100px||false|false&#8220; custom_margin_phone=&#8220;||-100px||false|false&#8220; custom_margin_last_edited=&#8220;on|phone&#8220; custom_padding=&#8220;||0px||false|false&#8220; saved_tabs=&#8220;all&#8220; global_colors_info=&#8220;{}&#8220;][et_pb_column type=&#8220;1_2&#8243; _builder_version=&#8220;4.18.0&#8243; _module_preset=&#8220;default&#8220; use_background_color_gradient=&#8220;on&#8220; background_color_gradient_stops=&#8220;#2b87da 0%|rgba(244,244,244,0) 41%&#8220; z_index=&#8220;4&#8243; custom_padding=&#8220;10px||10px||true|false&#8220; border_radii=&#8220;on|5px|5px|5px|5px&#8220; global_colors_info=&#8220;{}&#8220;][et_pb_divider _builder_version=&#8220;4.18.0&#8243; _module_preset=&#8220;default&#8220; background_video_mp4=&#8220;https:\/\/west-blue.com\/wp-content\/uploads\/2022\/09\/Vezenje-Bluedesign.mp4&#8243; background_video_pause_outside_viewport=&#8220;off&#8220; width=&#8220;95%&#8220; module_alignment=&#8220;center&#8220; min_height=&#8220;900px&#8220; filter_brightness=&#8220;80%&#8220; scroll_vertical_motion_enable=&#8220;on&#8220; scroll_vertical_motion=&#8220;0|30|30|100|2|0|-2&#8243; border_radii=&#8220;on|5px|5px|5px|5px&#8220; box_shadow_style=&#8220;preset3&#8243; global_colors_info=&#8220;{}&#8220;][\/et_pb_divider][\/et_pb_column][et_pb_column type=&#8220;1_2&#8243; _builder_version=&#8220;4.18.0&#8243; _module_preset=&#8220;default&#8220; background_enable_color=&#8220;off&#8220; z_index=&#8220;1&#8243; custom_padding=&#8220;50px|40px||50px|false|false&#8220; custom_padding_tablet=&#8220;|20px||20px|false|false&#8220; custom_padding_phone=&#8220;|20px||20px|false|false&#8220; custom_padding_last_edited=&#8220;on|desktop&#8220; global_colors_info=&#8220;{}&#8220;][et_pb_text _builder_version=&#8220;4.18.0&#8243; _module_preset=&#8220;default&#8220; header_3_font=&#8220;|700||on|||||&#8220; header_3_text_align=&#8220;center&#8220; header_3_font_size=&#8220;25px&#8220; text_orientation=&#8220;center&#8220; custom_margin=&#8220;||20px||false|false&#8220; header_3_font_size_tablet=&#8220;25px&#8220; header_3_font_size_phone=&#8220;25px&#8220; header_3_font_size_last_edited=&#8220;on|phone&#8220; global_colors_info=&#8220;{}&#8220;]<\/p>\n<h3><span style=\"font-weight: 500;\">Das perfekte Image Ihres Unternehmens, Ihrer Institution, Ihres Vereins oder Vereins<\/span><\/h3>\n<p>&nbsp;<\/p>\n<p>Sie sind stolz und zufrieden, wenn Sie Ihren Kunden einen sch\u00f6nen Werbeartikel mit Ihrem Firmenlogo schenken. Oder wenn Sie Ihre Mitarbeiter anschauen, die ein Hemd oder Kleid mit Ihrem Logo tragen.<\/p>\n<p>Wenn Sie sich f\u00fcr eine der Sticktechniken entscheiden, wird Sie das Endprodukt sicher \u00fcberzeugen. Die Stickerei verleiht der Kleidung ein reichhaltiges Aussehen und Ihre Marke erstrahlt im \u00e4sthetischen Bild. Es sorgt f\u00fcr eine l\u00e4ngere Haltbarkeit als der Druck und eignet sich besonders zur Kennzeichnung von Produkten mit einem Logo oder einer Aufschrift.<span style=\"font-weight: 400;\"><\/span><\/p>\n<p>[\/et_pb_text][dsm_text_divider header=&#8220;Stickm\u00f6glichkeiten&#8220; _builder_version=&#8220;4.18.0&#8243; _module_preset=&#8220;default&#8220; header_font=&#8220;|||on|||||&#8220; header_font_size=&#8220;30px&#8220; custom_padding=&#8220;30px||40px||false|false&#8220; header_font_size_tablet=&#8220;30px&#8220; header_font_size_phone=&#8220;30px&#8220; header_font_size_last_edited=&#8220;on|phone&#8220; global_colors_info=&#8220;{}&#8220;][\/dsm_text_divider][et_pb_blurb title=&#8220;T-Shirts, Jacken, Windjacken, Softshelljacken&#8220; use_icon=&#8220;on&#8220; font_icon=&#8220;&#x52;||divi||400&#8243; icon_placement=&#8220;left&#8220; image_icon_width=&#8220;22px&#8220; _builder_version=&#8220;4.18.0&#8243; _module_preset=&#8220;default&#8220; header_font_size=&#8220;20px&#8220; header_line_height=&#8220;1.4em&#8220; global_colors_info=&#8220;{}&#8220;][\/et_pb_blurb][et_pb_blurb title=&#8220;Kappen, M\u00fctzen, Strickm\u00fctzen&#8220; use_icon=&#8220;on&#8220; font_icon=&#8220;&#x52;||divi||400&#8243; icon_placement=&#8220;left&#8220; image_icon_width=&#8220;22px&#8220; _builder_version=&#8220;4.18.0&#8243; _module_preset=&#8220;default&#8220; header_font_size=&#8220;20px&#8220; header_line_height=&#8220;1.4em&#8220; global_colors_info=&#8220;{}&#8220;][\/et_pb_blurb][et_pb_blurb title=&#8220;Taschen, Rucks\u00e4cke, Textiltaschen&#8220; use_icon=&#8220;on&#8220; font_icon=&#8220;&#x52;||divi||400&#8243; icon_placement=&#8220;left&#8220; image_icon_width=&#8220;22px&#8220; _builder_version=&#8220;4.18.0&#8243; _module_preset=&#8220;default&#8220; header_font_size=&#8220;20px&#8220; header_line_height=&#8220;1.4em&#8220; global_colors_info=&#8220;{}&#8220;][\/et_pb_blurb][et_pb_blurb title=&#8220;Handt\u00fccher, K\u00fcchentextilien und Bettw\u00e4sche&#8220; use_icon=&#8220;on&#8220; font_icon=&#8220;&#x52;||divi||400&#8243; icon_placement=&#8220;left&#8220; image_icon_width=&#8220;22px&#8220; _builder_version=&#8220;4.18.0&#8243; _module_preset=&#8220;default&#8220; header_font_size=&#8220;20px&#8220; header_line_height=&#8220;1.4em&#8220; global_colors_info=&#8220;{}&#8220;][\/et_pb_blurb][et_pb_blurb title=&#8220;Arbeits- und Berufskleidung&#8220; use_icon=&#8220;on&#8220; font_icon=&#8220;&#x52;||divi||400&#8243; icon_placement=&#8220;left&#8220; image_icon_width=&#8220;22px&#8220; _builder_version=&#8220;4.18.0&#8243; _module_preset=&#8220;default&#8220; header_font_size=&#8220;20px&#8220; header_line_height=&#8220;1.4em&#8220; global_colors_info=&#8220;{}&#8220;][\/et_pb_blurb][et_pb_blurb title=&#8220;Socken, Handschuhe, Leder, etc&#8230;&#8220; use_icon=&#8220;on&#8220; font_icon=&#8220;&#x52;||divi||400&#8243; icon_placement=&#8220;left&#8220; image_icon_width=&#8220;22px&#8220; _builder_version=&#8220;4.18.0&#8243; _module_preset=&#8220;default&#8220; header_font_size=&#8220;20px&#8220; header_line_height=&#8220;1.4em&#8220; global_colors_info=&#8220;{}&#8220;][\/et_pb_blurb][et_pb_blurb title=&#8220;Andere Stickm\u00f6glichkeiten nach Vereinbarung&#8220; use_icon=&#8220;on&#8220; font_icon=&#8220;&#x52;||divi||400&#8243; icon_placement=&#8220;left&#8220; image_icon_width=&#8220;22px&#8220; _builder_version=&#8220;4.18.0&#8243; _module_preset=&#8220;default&#8220; header_font_size=&#8220;20px&#8220; header_line_height=&#8220;1.4em&#8220; custom_margin=&#8220;||||false|false&#8220; custom_margin_tablet=&#8220;||40px||false|false&#8220; custom_margin_phone=&#8220;||40px||false|false&#8220; custom_margin_last_edited=&#8220;on|phone&#8220; global_colors_info=&#8220;{}&#8220;][\/et_pb_blurb][\/et_pb_column][\/et_pb_row][\/et_pb_section][et_pb_section fb_built=&#8220;1&#8243; _builder_version=&#8220;4.18.0&#8243; _module_preset=&#8220;default&#8220; background_color=&#8220;#eaeaea&#8220; custom_padding=&#8220;0px||0px||true|false&#8220; global_colors_info=&#8220;{}&#8220;][et_pb_row use_custom_gutter=&#8220;on&#8220; gutter_width=&#8220;2&#8243; make_equal=&#8220;on&#8220; custom_padding_last_edited=&#8220;on|desktop&#8220; _builder_version=&#8220;4.18.0&#8243; _module_preset=&#8220;default&#8220; width=&#8220;90%&#8220; max_width=&#8220;100%&#8220; custom_padding=&#8220;||5px||false|false&#8220; custom_padding_tablet=&#8220;||30px||false|false&#8220; custom_padding_phone=&#8220;||25px||false|false&#8220; saved_tabs=&#8220;all&#8220; global_colors_info=&#8220;{}&#8220;][et_pb_column type=&#8220;4_4&#8243; _builder_version=&#8220;4.17.4&#8243; _module_preset=&#8220;default&#8220; global_colors_info=&#8220;{}&#8220;][dsm_text_divider header=&#8220;Verwendungszweck&#8220; divider_weight=&#8220;1.5px&#8220; _builder_version=&#8220;4.18.0&#8243; _module_preset=&#8220;default&#8220; header_level=&#8220;h1&#8243; header_font=&#8220;|||on|||||&#8220; header_text_align=&#8220;center&#8220; header_font_size=&#8220;60px&#8220; max_width=&#8220;70%&#8220; max_width_tablet=&#8220;&#8220; max_width_phone=&#8220;85%&#8220; max_width_last_edited=&#8220;on|tablet&#8220; module_alignment=&#8220;center&#8220; custom_margin=&#8220;||5px||false|false&#8220; header_font_size_tablet=&#8220;50px&#8220; header_font_size_phone=&#8220;45px&#8220; header_font_size_last_edited=&#8220;on|phone&#8220; global_colors_info=&#8220;{}&#8220;][\/dsm_text_divider][\/et_pb_column][\/et_pb_row][et_pb_row column_structure=&#8220;1_4,1_4,1_4,1_4&#8243; _builder_version=&#8220;4.18.0&#8243; _module_preset=&#8220;default&#8220; width=&#8220;90%&#8220; max_width=&#8220;100%&#8220; global_colors_info=&#8220;{}&#8220;][et_pb_column type=&#8220;1_4&#8243; _builder_version=&#8220;4.18.0&#8243; _module_preset=&#8220;default&#8220; global_colors_info=&#8220;{}&#8220;][et_pb_blurb title=&#8220;Werbegeschenk&#8220; use_icon=&#8220;on&#8220; font_icon=&#8220;&#xf79c;||fa||900&#8243; icon_color=&#8220;#1E1E1E&#8220; image_icon_width=&#8220;50px&#8220; _builder_version=&#8220;4.18.0&#8243; _module_preset=&#8220;default&#8220; header_text_align=&#8220;center&#8220; header_text_color=&#8220;#1E1E1E&#8220; header_font_size=&#8220;22px&#8220; body_text_color=&#8220;#1E1E1E&#8220; global_colors_info=&#8220;{}&#8220; icon_color__hover_enabled=&#8220;on|hover&#8220; icon_color__hover=&#8220;#1E1E1E&#8220;]<\/p>\n<p><span>Ein \u00e4sthetisches Geschenk wird den Namen oder die Marke Ihres Unternehmens unaufdringlich hervorheben. T-Shirts mit gesticktem Logo geh\u00f6ren zu den beliebtesten Werbeartikeln.<\/span><\/p>\n<p>[\/et_pb_blurb][\/et_pb_column][et_pb_column type=&#8220;1_4&#8243; _builder_version=&#8220;4.18.0&#8243; _module_preset=&#8220;default&#8220; global_colors_info=&#8220;{}&#8220;][et_pb_blurb title=&#8220;Uniform oder Arbeitskleidung&#8220; use_icon=&#8220;on&#8220; font_icon=&#8220;&#xf4fd;||fa||900&#8243; icon_color=&#8220;#1E1E1E&#8220; image_icon_width=&#8220;50px&#8220; _builder_version=&#8220;4.18.0&#8243; _module_preset=&#8220;default&#8220; header_text_align=&#8220;center&#8220; header_text_color=&#8220;#1E1E1E&#8220; header_font_size=&#8220;22px&#8220; body_text_color=&#8220;#1E1E1E&#8220; global_colors_info=&#8220;{}&#8220;]<\/p>\n<p><span>Ein einheitliches und geordnetes Auftreten der Mitarbeiter unterstreicht die Leistungsf\u00e4higkeit und den guten Ruf Ihres Unternehmens.<\/span><\/p>\n<p>[\/et_pb_blurb][\/et_pb_column][et_pb_column type=&#8220;1_4&#8243; _builder_version=&#8220;4.18.0&#8243; _module_preset=&#8220;default&#8220; global_colors_info=&#8220;{}&#8220;][et_pb_blurb title=&#8220;Einheitliche Kleidung der Vereinsmitglieder&#8220; use_icon=&#8220;on&#8220; font_icon=&#8220;&#xf0c0;||fa||900&#8243; icon_color=&#8220;#1E1E1E&#8220; image_icon_width=&#8220;50px&#8220; _builder_version=&#8220;4.18.0&#8243; _module_preset=&#8220;default&#8220; header_text_align=&#8220;center&#8220; header_text_color=&#8220;#1E1E1E&#8220; header_font_size=&#8220;22px&#8220; body_text_color=&#8220;#1E1E1E&#8220; global_colors_info=&#8220;{}&#8220;]<\/p>\n<p><span>Das Logo Ihres Vereins auf den T-Shirts der Mitglieder wird Ihre Verbundenheit und Verbundenheit ausdr\u00fccken, wann immer Sie sich gemeinsam pr\u00e4sentieren. <\/span><\/p>\n<p>[\/et_pb_blurb][\/et_pb_column][et_pb_column type=&#8220;1_4&#8243; _builder_version=&#8220;4.18.0&#8243; _module_preset=&#8220;default&#8220; global_colors_info=&#8220;{}&#8220;][et_pb_blurb title=&#8220;Erinnerung an besondere Ereignisse&#8220; use_icon=&#8220;on&#8220; font_icon=&#8220;&#xf5a2;||fa||900&#8243; icon_color=&#8220;#1E1E1E&#8220; image_icon_width=&#8220;50px&#8220; _builder_version=&#8220;4.18.0&#8243; _module_preset=&#8220;default&#8220; header_text_align=&#8220;center&#8220; header_text_color=&#8220;#1E1E1E&#8220; header_font_size=&#8220;22px&#8220; body_text_color=&#8220;#1E1E1E&#8220; global_colors_info=&#8220;{}&#8220;]<\/p>\n<p><span>Z majicami z vezenim logotipom ali nazivom dogodka boste trajno obele\u017eili spomin na festival, \u0161portni dogodek, maraton ali katero drugo prireditev.<\/span><\/p>\n<p>[\/et_pb_blurb][\/et_pb_column][\/et_pb_row][\/et_pb_section][et_pb_section fb_built=&#8220;1&#8243; _builder_version=&#8220;4.18.0&#8243; _module_preset=&#8220;default&#8220; background_color=&#8220;#F4F4F4&#8243; global_colors_info=&#8220;{}&#8220;][et_pb_row column_structure=&#8220;1_2,1_2&#8243; use_custom_gutter=&#8220;on&#8220; gutter_width=&#8220;1&#8243; make_equal=&#8220;on&#8220; _builder_version=&#8220;4.18.0&#8243; _module_preset=&#8220;default&#8220; width=&#8220;90%&#8220; max_width=&#8220;100%&#8220; global_colors_info=&#8220;{}&#8220;][et_pb_column type=&#8220;1_2&#8243; _builder_version=&#8220;4.18.0&#8243; _module_preset=&#8220;default&#8220; global_colors_info=&#8220;{}&#8220;][et_pb_blurb title=&#8220;Sticktechniken&#8220; image=&#8220;https:\/\/west-blue.com\/wp-content\/uploads\/2022\/09\/vezenje-tehnike.jpg&#8220; icon_placement=&#8220;left&#8220; content_max_width=&#8220;100%&#8220; icon_placement_tablet=&#8220;left&#8220; icon_placement_phone=&#8220;top&#8220; icon_placement_last_edited=&#8220;on|phone&#8220; _builder_version=&#8220;4.18.0&#8243; _module_preset=&#8220;default&#8220; header_font=&#8220;|600||on|||||&#8220; header_font_size=&#8220;30px&#8220; header_line_height=&#8220;1.2em&#8220; body_ul_font_size=&#8220;16px&#8220; body_ul_line_height=&#8220;1.7em&#8220; custom_css_blurb_image=&#8220;width:40%&#8220; border_radii_image=&#8220;on|5px|5px|5px|5px&#8220; global_colors_info=&#8220;{}&#8220; custom_css_blurb_image_last_edited=&#8220;on|phone&#8220; custom_css_blurb_image_tablet=&#8220;width:50%&#8220; custom_css_blurb_image_phone=&#8220;width:100%&#8220;]<\/p>\n<ul>\n<li>Klassische Stickerei<\/li>\n<li>3D-Stickerei<\/li>\n<li>Stickerei mit Applikation<\/li>\n<li>Stickerei in einer Kombination von Techniken<\/li>\n<\/ul>\n<p>[\/et_pb_blurb][\/et_pb_column][et_pb_column type=&#8220;1_2&#8243; _builder_version=&#8220;4.18.0&#8243; _module_preset=&#8220;default&#8220; global_colors_info=&#8220;{}&#8220;][et_pb_blurb title=&#8220;Schlicht und einfach&#8220; image=&#8220;https:\/\/west-blue.com\/wp-content\/uploads\/2022\/09\/vezenje-Logo-M.jpg&#8220; icon_placement=&#8220;left&#8220; content_max_width=&#8220;100%&#8220; icon_placement_tablet=&#8220;left&#8220; icon_placement_phone=&#8220;top&#8220; icon_placement_last_edited=&#8220;on|phone&#8220; _builder_version=&#8220;4.18.0&#8243; _module_preset=&#8220;default&#8220; header_font=&#8220;|600||on|||||&#8220; header_font_size=&#8220;30px&#8220; header_line_height=&#8220;1.2em&#8220; body_ul_font_size=&#8220;16px&#8220; body_ul_line_height=&#8220;1.7em&#8220; hover_enabled=&#8220;0&#8243; custom_css_blurb_image=&#8220;width:40%&#8220; border_radii_image=&#8220;on|5px|5px|5px|5px&#8220; global_colors_info=&#8220;{}&#8220; custom_css_blurb_image_last_edited=&#8220;on|phone&#8220; custom_css_blurb_image_tablet=&#8220;width:50%&#8220; custom_css_blurb_image_phone=&#8220;width:100%&#8220; sticky_enabled=&#8220;0&#8243;]<\/p>\n<p><span>Wir besticken Werbekleidung in gro\u00dfen und kleinen Mengen &#8211; ab 10 St\u00fcck. <\/span><a href=\"#popup1\">Senden Sie uns Ihr Logo<\/a><span> oder eine Skizze mit Ihren W\u00fcnschen und wir k\u00fcmmern uns um den Rest. Wir senden Ihnen ein Angebot und eine Vorschau der Stickerei. Wir garantieren Ihnen eine Qualit\u00e4tsleistung, denn vor der Produktion erstellen wir ein kostenloses Stickmuster, das wir Ihnen zur Best\u00e4tigung zusenden.<\/span><\/p>\n<p>[\/et_pb_blurb][\/et_pb_column][\/et_pb_row][et_pb_row _builder_version=&#8220;4.18.0&#8243; _module_preset=&#8220;default&#8220; width=&#8220;90%&#8220; max_width=&#8220;100%&#8220; global_colors_info=&#8220;{}&#8220;][et_pb_column type=&#8220;4_4&#8243; _builder_version=&#8220;4.18.0&#8243; _module_preset=&#8220;default&#8220; global_colors_info=&#8220;{}&#8220;][et_pb_text _builder_version=&#8220;4.18.0&#8243; _module_preset=&#8220;default&#8220; header_3_font=&#8220;|||on|||||&#8220; header_3_font_size=&#8220;26px&#8220; global_colors_info=&#8220;{}&#8220;]<\/p>\n<h3>Stickpreis<\/h3>\n<p>Der Preis der Stickerei h\u00e4ngt von der Anzahl der Stiche und der Menge der Artikel ab, die Sie besticken m\u00f6chten. Die Anschaffungskosten sind auch die Erstellung des Programms, das einzigartig ist und Ihr dauerhaftes Eigentum wird.[\/et_pb_text][\/et_pb_column][\/et_pb_row][\/et_pb_section]<\/p>\n","protected":false},"excerpt":{"rendered":"<p>Die hochwertigste und langlebigste Art, Textilien zu verzieren und Kleidung erkennbar zu machen, ist die Maschinenstickerei auf Textilien. <div class=\"et_pb_module dsm_text_divider dsm_text_divider_0\">\n\t\t\t\t\n\t\t\t\t\n\t\t\t\t\n\t\t\t\t\n\t\t\t\t\n\t\t\t\t\n\t\t\t\t<div class=\"et_pb_module_inner\">\n\t\t\t\t\t<div class=\"dsm-text-divider-wrapper dsm-text-divider-align-center et_pb_bg_layout_light\">\n\t\t\t\t\n\t\t\t\t\n\t\t\t\t<div class=\"dsm-text-divider-before dsm-divider\"><\/div>\n\t\t\t\t<h1 class=\"dsm-text-divider-header et_pb_module_header\"><span>Stickerei<\/span><\/h1>\n\t\t\t\t<div class=\"dsm-text-divider-after dsm-divider\"><\/div>\n\t\t\t<\/div>\n\t\t\t\t<\/div>\n\t\t\t<\/div>Wir bieten hochwertige Stickereien auf allen Arten von StoffenDas perfekte Image Ihres Unternehmens, Ihrer Institution, Ihres Vereins oder Vereins [&hellip;]<\/p>\n","protected":false},"author":1,"featured_media":0,"parent":0,"menu_order":0,"comment_status":"closed","ping_status":"closed","template":"","meta":{"_et_pb_use_builder":"on","_et_pb_old_content":"","_et_gb_content_width":"","_monsterinsights_skip_tracking":false,"_monsterinsights_sitenote_active":false,"_monsterinsights_sitenote_note":"","_monsterinsights_sitenote_category":0,"footnotes":""},"class_list":["post-242893","page","type-page","status-publish","hentry"],"_links":{"self":[{"href":"https:\/\/www.west-blue.com\/de\/wp-json\/wp\/v2\/pages\/242893","targetHints":{"allow":["GET"]}}],"collection":[{"href":"https:\/\/www.west-blue.com\/de\/wp-json\/wp\/v2\/pages"}],"about":[{"href":"https:\/\/www.west-blue.com\/de\/wp-json\/wp\/v2\/types\/page"}],"author":[{"embeddable":true,"href":"https:\/\/www.west-blue.com\/de\/wp-json\/wp\/v2\/users\/1"}],"replies":[{"embeddable":true,"href":"https:\/\/www.west-blue.com\/de\/wp-json\/wp\/v2\/comments?post=242893"}],"version-history":[{"count":0,"href":"https:\/\/www.west-blue.com\/de\/wp-json\/wp\/v2\/pages\/242893\/revisions"}],"wp:attachment":[{"href":"https:\/\/www.west-blue.com\/de\/wp-json\/wp\/v2\/media?parent=242893"}],"curies":[{"name":"wp","href":"https:\/\/api.w.org\/{rel}","templated":true}]}}