{"id":242468,"date":"2022-09-30T23:31:55","date_gmt":"2022-09-30T21:31:55","guid":{"rendered":"https:\/\/west-blue.com\/produkti\/damen-trainingsjacke\/"},"modified":"2022-09-30T23:31:55","modified_gmt":"2022-09-30T21:31:55","slug":"damen-trainingsjacke","status":"publish","type":"product","link":"https:\/\/www.west-blue.com\/de\/produkte\/damen-trainingsjacke\/","title":{"rendered":"Damen Trainingsjacke"},"content":{"rendered":"<p>Hochwertige Damen-Trainingsjacke f\u00fcr Sport und Freizeit. Die Trainingsjacke f\u00fcr Damen und alle anderen Kleidungsst\u00fccke sind Teil unserer eigenen Produktion und werden in Slowenien hergestellt. Auf Kundenwunsch fertigen wir sie nach Ma\u00df und passen sie an die W\u00fcnsche und Bed\u00fcrfnisse einer Einzelperson, eines Vereins oder Vereins an.<\/p>\n<p><strong>Zusammensetzung:<\/strong> Baumwolle \/ Polyester<\/p>\n","protected":false},"excerpt":{"rendered":"<p>Hochwertige und strapazierf\u00e4hige Trainingsjacke f\u00fcr Damen<\/p>\n","protected":false},"featured_media":241699,"template":"","meta":{"_et_pb_use_builder":"","_et_pb_old_content":"","_et_gb_content_width":"","_monsterinsights_skip_tracking":false,"_monsterinsights_sitenote_active":false,"_monsterinsights_sitenote_note":"","_monsterinsights_sitenote_category":0},"product_brand":[],"product_cat":[153,129,141,147],"product_tag":[],"class_list":{"0":"post-242468","1":"product","2":"type-product","3":"status-publish","4":"has-post-thumbnail","6":"product_cat-frauenkleidung","7":"product_cat-jacken-und-pullover","8":"product_cat-sport-und-freizeit","9":"product_cat-trainingsjacken","11":"first","12":"instock","13":"sale","14":"featured","15":"taxable","16":"shipping-taxable","17":"purchasable","18":"product-type-variable"},"_links":{"self":[{"href":"https:\/\/www.west-blue.com\/de\/wp-json\/wp\/v2\/product\/242468","targetHints":{"allow":["GET"]}}],"collection":[{"href":"https:\/\/www.west-blue.com\/de\/wp-json\/wp\/v2\/product"}],"about":[{"href":"https:\/\/www.west-blue.com\/de\/wp-json\/wp\/v2\/types\/product"}],"wp:featuredmedia":[{"embeddable":true,"href":"https:\/\/www.west-blue.com\/de\/wp-json\/wp\/v2\/media\/241699"}],"wp:attachment":[{"href":"https:\/\/www.west-blue.com\/de\/wp-json\/wp\/v2\/media?parent=242468"}],"wp:term":[{"taxonomy":"product_brand","embeddable":true,"href":"https:\/\/www.west-blue.com\/de\/wp-json\/wp\/v2\/product_brand?post=242468"},{"taxonomy":"product_cat","embeddable":true,"href":"https:\/\/www.west-blue.com\/de\/wp-json\/wp\/v2\/product_cat?post=242468"},{"taxonomy":"product_tag","embeddable":true,"href":"https:\/\/www.west-blue.com\/de\/wp-json\/wp\/v2\/product_tag?post=242468"}],"curies":[{"name":"wp","href":"https:\/\/api.w.org\/{rel}","templated":true}]}}