{"id":242486,"date":"2022-09-30T20:47:10","date_gmt":"2022-09-30T18:47:10","guid":{"rendered":"https:\/\/west-blue.com\/produkti\/herrenweste\/"},"modified":"2022-09-30T20:47:10","modified_gmt":"2022-09-30T18:47:10","slug":"herrenweste","status":"publish","type":"product","link":"https:\/\/www.west-blue.com\/de\/produkte\/herrenweste\/","title":{"rendered":"Herrenweste"},"content":{"rendered":"<p>Hochwertige Herrenweste f\u00fcr Sport und Freizeit. Herrenwesten und alle anderen Kleidungsst\u00fccke sind Teil unserer eigenen Produktion und werden in Slowenien hergestellt. Auf Kundenwunsch fertigen wir sie nach Ma\u00df und passen sie an die W\u00fcnsche und Bed\u00fcrfnisse einer Einzelperson, eines Vereins oder Vereins an.<\/p>\n<p><strong>Zusammensetzung:<\/strong> Baumwolle \/ Polyester<\/p>\n","protected":false},"excerpt":{"rendered":"<p>Hochwertige Herrenweste<\/p>\n","protected":false},"featured_media":241631,"template":"","meta":{"_et_pb_use_builder":"","_et_pb_old_content":"","_et_gb_content_width":"","_monsterinsights_skip_tracking":false,"_monsterinsights_sitenote_active":false,"_monsterinsights_sitenote_note":"","_monsterinsights_sitenote_category":0},"product_brand":[],"product_cat":[133,141,151,111],"product_tag":[],"class_list":{"0":"post-242486","1":"product","2":"type-product","3":"status-publish","4":"has-post-thumbnail","6":"product_cat-maennerkleidung","7":"product_cat-sport-und-freizeit","8":"product_cat-sportwesten","9":"product_cat-westen","11":"first","12":"instock","13":"sale","14":"taxable","15":"shipping-taxable","16":"purchasable","17":"product-type-variable"},"_links":{"self":[{"href":"https:\/\/www.west-blue.com\/de\/wp-json\/wp\/v2\/product\/242486","targetHints":{"allow":["GET"]}}],"collection":[{"href":"https:\/\/www.west-blue.com\/de\/wp-json\/wp\/v2\/product"}],"about":[{"href":"https:\/\/www.west-blue.com\/de\/wp-json\/wp\/v2\/types\/product"}],"wp:featuredmedia":[{"embeddable":true,"href":"https:\/\/www.west-blue.com\/de\/wp-json\/wp\/v2\/media\/241631"}],"wp:attachment":[{"href":"https:\/\/www.west-blue.com\/de\/wp-json\/wp\/v2\/media?parent=242486"}],"wp:term":[{"taxonomy":"product_brand","embeddable":true,"href":"https:\/\/www.west-blue.com\/de\/wp-json\/wp\/v2\/product_brand?post=242486"},{"taxonomy":"product_cat","embeddable":true,"href":"https:\/\/www.west-blue.com\/de\/wp-json\/wp\/v2\/product_cat?post=242486"},{"taxonomy":"product_tag","embeddable":true,"href":"https:\/\/www.west-blue.com\/de\/wp-json\/wp\/v2\/product_tag?post=242486"}],"curies":[{"name":"wp","href":"https:\/\/api.w.org\/{rel}","templated":true}]}}