{"id":242505,"date":"2022-09-30T19:33:16","date_gmt":"2022-09-30T17:33:16","guid":{"rendered":"https:\/\/west-blue.com\/produkti\/herren-sporthose-2\/"},"modified":"2022-09-30T19:33:16","modified_gmt":"2022-09-30T17:33:16","slug":"herren-sporthose-2","status":"publish","type":"product","link":"https:\/\/www.west-blue.com\/de\/produkte\/herren-sporthose-2\/","title":{"rendered":"Herren Sporthose"},"content":{"rendered":"<p>Qualit\u00e4t Herren Sporthose f\u00fcr Sport und Freizeit. Sporthosen f\u00fcr Herren und alle anderen Kleidungsst\u00fccke sind Teil unserer eigenen Produktion und werden in Slowenien hergestellt. Auf Kundenwunsch fertigen wir sie nach Ma\u00df und passen sie an die W\u00fcnsche und Bed\u00fcrfnisse einer Einzelperson, eines Vereins oder Vereins an.<\/p>\n<p><strong>Zusammensetzung:<\/strong> Baumwolle \/ Polyester<\/p>\n","protected":false},"excerpt":{"rendered":"<p>Hochwertige Herren-Sporthose f\u00fcr Sport und Freizeit<\/p>\n","protected":false},"featured_media":241651,"template":"","meta":{"_et_pb_use_builder":"","_et_pb_old_content":"","_et_gb_content_width":"","_monsterinsights_skip_tracking":false,"_monsterinsights_sitenote_active":false,"_monsterinsights_sitenote_note":"","_monsterinsights_sitenote_category":0},"product_brand":[],"product_cat":[125,133,141,145],"product_tag":[],"class_list":{"0":"post-242505","1":"product","2":"type-product","3":"status-publish","4":"has-post-thumbnail","6":"product_cat-hose","7":"product_cat-maennerkleidung","8":"product_cat-sport-und-freizeit","9":"product_cat-sporthosen","11":"first","12":"instock","13":"sale","14":"taxable","15":"shipping-taxable","16":"purchasable","17":"product-type-variable"},"_links":{"self":[{"href":"https:\/\/www.west-blue.com\/de\/wp-json\/wp\/v2\/product\/242505","targetHints":{"allow":["GET"]}}],"collection":[{"href":"https:\/\/www.west-blue.com\/de\/wp-json\/wp\/v2\/product"}],"about":[{"href":"https:\/\/www.west-blue.com\/de\/wp-json\/wp\/v2\/types\/product"}],"wp:featuredmedia":[{"embeddable":true,"href":"https:\/\/www.west-blue.com\/de\/wp-json\/wp\/v2\/media\/241651"}],"wp:attachment":[{"href":"https:\/\/www.west-blue.com\/de\/wp-json\/wp\/v2\/media?parent=242505"}],"wp:term":[{"taxonomy":"product_brand","embeddable":true,"href":"https:\/\/www.west-blue.com\/de\/wp-json\/wp\/v2\/product_brand?post=242505"},{"taxonomy":"product_cat","embeddable":true,"href":"https:\/\/www.west-blue.com\/de\/wp-json\/wp\/v2\/product_cat?post=242505"},{"taxonomy":"product_tag","embeddable":true,"href":"https:\/\/www.west-blue.com\/de\/wp-json\/wp\/v2\/product_tag?post=242505"}],"curies":[{"name":"wp","href":"https:\/\/api.w.org\/{rel}","templated":true}]}}