{"id":242513,"date":"2022-09-30T19:04:58","date_gmt":"2022-09-30T17:04:58","guid":{"rendered":"https:\/\/west-blue.com\/produkti\/herren-kapuzenjacke\/"},"modified":"2022-09-30T19:04:58","modified_gmt":"2022-09-30T17:04:58","slug":"herren-kapuzenjacke","status":"publish","type":"product","link":"https:\/\/www.west-blue.com\/de\/produkte\/herren-kapuzenjacke\/","title":{"rendered":"Herren Kapuzenjacke"},"content":{"rendered":"<p>Hochwertige und strapazierf\u00e4hige Herren-Softshelljacke f\u00fcr Sport und Freizeit. Die Kapuzenjacke f\u00fcr Herren und alle anderen Kleidungsst\u00fccke sind Teil unserer eigenen Produktion und werden in Slowenien hergestellt. Auf Kundenwunsch fertigen wir sie nach Ma\u00df und passen sie an die W\u00fcnsche und Bed\u00fcrfnisse einer Einzelperson, eines Vereins oder Vereins an.<\/p>\n<p><strong>Zusammensetzung:<\/strong> Baumwolle \/ Polyester<\/p>\n","protected":false},"excerpt":{"rendered":"<p>Hochwertige und strapazierf\u00e4hige Softshelljacke f\u00fcr Herren<\/p>\n","protected":false},"featured_media":241655,"template":"","meta":{"_et_pb_use_builder":"","_et_pb_old_content":"","_et_gb_content_width":"","_monsterinsights_skip_tracking":false,"_monsterinsights_sitenote_active":false,"_monsterinsights_sitenote_note":"","_monsterinsights_sitenote_category":0},"product_brand":[],"product_cat":[127,133,141,149],"product_tag":[155],"class_list":{"0":"post-242513","1":"product","2":"type-product","3":"status-publish","4":"has-post-thumbnail","6":"product_cat-jacken","7":"product_cat-maennerkleidung","8":"product_cat-sport-und-freizeit","9":"product_cat-sportjacken","10":"product_tag-aktualno-de-2","12":"first","13":"instock","14":"sale","15":"featured","16":"taxable","17":"shipping-taxable","18":"purchasable","19":"product-type-variable"},"_links":{"self":[{"href":"https:\/\/www.west-blue.com\/de\/wp-json\/wp\/v2\/product\/242513","targetHints":{"allow":["GET"]}}],"collection":[{"href":"https:\/\/www.west-blue.com\/de\/wp-json\/wp\/v2\/product"}],"about":[{"href":"https:\/\/www.west-blue.com\/de\/wp-json\/wp\/v2\/types\/product"}],"wp:featuredmedia":[{"embeddable":true,"href":"https:\/\/www.west-blue.com\/de\/wp-json\/wp\/v2\/media\/241655"}],"wp:attachment":[{"href":"https:\/\/www.west-blue.com\/de\/wp-json\/wp\/v2\/media?parent=242513"}],"wp:term":[{"taxonomy":"product_brand","embeddable":true,"href":"https:\/\/www.west-blue.com\/de\/wp-json\/wp\/v2\/product_brand?post=242513"},{"taxonomy":"product_cat","embeddable":true,"href":"https:\/\/www.west-blue.com\/de\/wp-json\/wp\/v2\/product_cat?post=242513"},{"taxonomy":"product_tag","embeddable":true,"href":"https:\/\/www.west-blue.com\/de\/wp-json\/wp\/v2\/product_tag?post=242513"}],"curies":[{"name":"wp","href":"https:\/\/api.w.org\/{rel}","templated":true}]}}