{"id":242517,"date":"2022-09-30T17:54:52","date_gmt":"2022-09-30T15:54:52","guid":{"rendered":"https:\/\/west-blue.com\/produkti\/childrens-pants\/"},"modified":"2022-09-30T17:54:52","modified_gmt":"2022-09-30T15:54:52","slug":"childrens-pants","status":"publish","type":"product","link":"https:\/\/www.west-blue.com\/de\/produkte\/childrens-pants\/","title":{"rendered":"Children&#8217;s pants"},"content":{"rendered":"<p>Qualit\u00e4t Kinderhosen f\u00fcr Sport und Freizeit. Kinderhosen und andere Kleidungsst\u00fccke sind Teil unserer eigenen Produktion und werden in Slowenien hergestellt. Auf Kundenwunsch fertigen wir sie nach Ma\u00df und passen sie an die W\u00fcnsche und Bed\u00fcrfnisse einer Einzelperson, eines Vereins oder Vereins an.<\/p>\n<p><strong>Zusammensetzung:<\/strong> Baumwolle \/ Polyester<\/p>\n","protected":false},"excerpt":{"rendered":"<p>Kinderhose f\u00fcr Sport und Freizeit<\/p>\n","protected":false},"featured_media":241617,"template":"","meta":{"_et_pb_use_builder":"","_et_pb_old_content":"","_et_gb_content_width":"","_monsterinsights_skip_tracking":false,"_monsterinsights_sitenote_active":false,"_monsterinsights_sitenote_note":"","_monsterinsights_sitenote_category":0},"product_brand":[],"product_cat":[125,137,141,145],"product_tag":[],"class_list":{"0":"post-242517","1":"product","2":"type-product","3":"status-publish","4":"has-post-thumbnail","6":"product_cat-hose","7":"product_cat-kinderkleidung","8":"product_cat-sport-und-freizeit","9":"product_cat-sporthosen","11":"first","12":"instock","13":"sale","14":"featured","15":"taxable","16":"shipping-taxable","17":"purchasable","18":"product-type-variable"},"_links":{"self":[{"href":"https:\/\/www.west-blue.com\/de\/wp-json\/wp\/v2\/product\/242517","targetHints":{"allow":["GET"]}}],"collection":[{"href":"https:\/\/www.west-blue.com\/de\/wp-json\/wp\/v2\/product"}],"about":[{"href":"https:\/\/www.west-blue.com\/de\/wp-json\/wp\/v2\/types\/product"}],"wp:featuredmedia":[{"embeddable":true,"href":"https:\/\/www.west-blue.com\/de\/wp-json\/wp\/v2\/media\/241617"}],"wp:attachment":[{"href":"https:\/\/www.west-blue.com\/de\/wp-json\/wp\/v2\/media?parent=242517"}],"wp:term":[{"taxonomy":"product_brand","embeddable":true,"href":"https:\/\/www.west-blue.com\/de\/wp-json\/wp\/v2\/product_brand?post=242517"},{"taxonomy":"product_cat","embeddable":true,"href":"https:\/\/www.west-blue.com\/de\/wp-json\/wp\/v2\/product_cat?post=242517"},{"taxonomy":"product_tag","embeddable":true,"href":"https:\/\/www.west-blue.com\/de\/wp-json\/wp\/v2\/product_tag?post=242517"}],"curies":[{"name":"wp","href":"https:\/\/api.w.org\/{rel}","templated":true}]}}