{"id":242529,"date":"2022-09-30T17:48:16","date_gmt":"2022-09-30T15:48:16","guid":{"rendered":"https:\/\/west-blue.com\/produkti\/kinderjacke-2\/"},"modified":"2022-09-30T17:48:16","modified_gmt":"2022-09-30T15:48:16","slug":"kinderjacke-2","status":"publish","type":"product","link":"https:\/\/www.west-blue.com\/de\/produkte\/kinderjacke-2\/","title":{"rendered":"Kinderjacke"},"content":{"rendered":"<p>Hochwertige und strapazierf\u00e4hige Kinderjacke f\u00fcr Sport und Freizeit. Kinderjacken und andere Kleidungsst\u00fccke sind Teil unserer eigenen Produktion und werden in Slowenien hergestellt. Auf Kundenwunsch fertigen wir sie nach Ma\u00df und passen sie den W\u00fcnschen des Einzelnen oder den Bed\u00fcrfnissen des Vereins oder Vereins an.<\/p>\n<p><strong>Zusammensetzung:<\/strong> Baumwolle \/ Polyester<\/p>\n","protected":false},"excerpt":{"rendered":"<p>Kinderjacke f\u00fcr Sport und Freizeit<\/p>\n","protected":false},"featured_media":241623,"template":"","meta":{"_et_pb_use_builder":"","_et_pb_old_content":"","_et_gb_content_width":"","_monsterinsights_skip_tracking":false,"_monsterinsights_sitenote_active":false,"_monsterinsights_sitenote_note":"","_monsterinsights_sitenote_category":0},"product_brand":[],"product_cat":[127,137,141,149],"product_tag":[],"class_list":{"0":"post-242529","1":"product","2":"type-product","3":"status-publish","4":"has-post-thumbnail","6":"product_cat-jacken","7":"product_cat-kinderkleidung","8":"product_cat-sport-und-freizeit","9":"product_cat-sportjacken","11":"first","12":"instock","13":"sale","14":"featured","15":"taxable","16":"shipping-taxable","17":"purchasable","18":"product-type-variable"},"_links":{"self":[{"href":"https:\/\/www.west-blue.com\/de\/wp-json\/wp\/v2\/product\/242529","targetHints":{"allow":["GET"]}}],"collection":[{"href":"https:\/\/www.west-blue.com\/de\/wp-json\/wp\/v2\/product"}],"about":[{"href":"https:\/\/www.west-blue.com\/de\/wp-json\/wp\/v2\/types\/product"}],"wp:featuredmedia":[{"embeddable":true,"href":"https:\/\/www.west-blue.com\/de\/wp-json\/wp\/v2\/media\/241623"}],"wp:attachment":[{"href":"https:\/\/www.west-blue.com\/de\/wp-json\/wp\/v2\/media?parent=242529"}],"wp:term":[{"taxonomy":"product_brand","embeddable":true,"href":"https:\/\/www.west-blue.com\/de\/wp-json\/wp\/v2\/product_brand?post=242529"},{"taxonomy":"product_cat","embeddable":true,"href":"https:\/\/www.west-blue.com\/de\/wp-json\/wp\/v2\/product_cat?post=242529"},{"taxonomy":"product_tag","embeddable":true,"href":"https:\/\/www.west-blue.com\/de\/wp-json\/wp\/v2\/product_tag?post=242529"}],"curies":[{"name":"wp","href":"https:\/\/api.w.org\/{rel}","templated":true}]}}