{"id":242781,"date":"2022-09-25T19:30:30","date_gmt":"2022-09-25T17:30:30","guid":{"rendered":"https:\/\/west-blue.com\/produkti\/arbeitshose-2\/"},"modified":"2022-09-25T19:30:30","modified_gmt":"2022-09-25T17:30:30","slug":"arbeitshose-2","status":"publish","type":"product","link":"https:\/\/www.west-blue.com\/de\/produkte\/arbeitshose-2\/","title":{"rendered":"Arbeitshose"},"content":{"rendered":"<p>Langlebige und hochwertige Arbeitshose f\u00fcr den professionellen Einsatz oder die Arbeit zu Hause. Hosen f\u00fcr die Arbeit sind Teil unserer eigenen Entwicklung und Produktion. Deshalb passen wir Arbeitskleidung an die W\u00fcnsche des Einzelnen oder die Bed\u00fcrfnisse des Unternehmens und an die Sicherheitsstandards der Art der Arbeit an.<\/p>\n<p><strong>Zusammensetzung:<\/strong>Baumwolle \/ Polyester<\/p>\n","protected":false},"excerpt":{"rendered":"<p>Arbeitshose von ausgezeichneter Qualit\u00e4t<\/p>\n","protected":false},"featured_media":241573,"template":"","meta":{"_et_pb_use_builder":"","_et_pb_old_content":"","_et_gb_content_width":"","_monsterinsights_skip_tracking":false,"_monsterinsights_sitenote_active":false,"_monsterinsights_sitenote_note":"","_monsterinsights_sitenote_category":0},"product_brand":[],"product_cat":[117,113,125,133],"product_tag":[],"class_list":{"0":"post-242781","1":"product","2":"type-product","3":"status-publish","4":"has-post-thumbnail","6":"product_cat-arbeitshosen","7":"product_cat-arbeitskleidung","8":"product_cat-hose","9":"product_cat-maennerkleidung","10":"product_shipping_class-persoenlich","12":"first","13":"instock","14":"sale","15":"taxable","16":"shipping-taxable","17":"purchasable","18":"product-type-variable"},"_links":{"self":[{"href":"https:\/\/www.west-blue.com\/de\/wp-json\/wp\/v2\/product\/242781","targetHints":{"allow":["GET"]}}],"collection":[{"href":"https:\/\/www.west-blue.com\/de\/wp-json\/wp\/v2\/product"}],"about":[{"href":"https:\/\/www.west-blue.com\/de\/wp-json\/wp\/v2\/types\/product"}],"wp:featuredmedia":[{"embeddable":true,"href":"https:\/\/www.west-blue.com\/de\/wp-json\/wp\/v2\/media\/241573"}],"wp:attachment":[{"href":"https:\/\/www.west-blue.com\/de\/wp-json\/wp\/v2\/media?parent=242781"}],"wp:term":[{"taxonomy":"product_brand","embeddable":true,"href":"https:\/\/www.west-blue.com\/de\/wp-json\/wp\/v2\/product_brand?post=242781"},{"taxonomy":"product_cat","embeddable":true,"href":"https:\/\/www.west-blue.com\/de\/wp-json\/wp\/v2\/product_cat?post=242781"},{"taxonomy":"product_tag","embeddable":true,"href":"https:\/\/www.west-blue.com\/de\/wp-json\/wp\/v2\/product_tag?post=242781"}],"curies":[{"name":"wp","href":"https:\/\/api.w.org\/{rel}","templated":true}]}}