{"id":242820,"date":"2022-09-01T21:15:42","date_gmt":"2022-09-01T19:15:42","guid":{"rendered":"https:\/\/west-blue.com\/produkti\/geschenkgutscheine\/"},"modified":"2022-10-16T22:15:50","modified_gmt":"2022-10-16T20:15:50","slug":"geschenkgutscheine","status":"publish","type":"product","link":"https:\/\/www.west-blue.com\/de\/produkte\/geschenkgutscheine\/","title":{"rendered":"Geschenkgutscheine"},"content":{"rendered":"<p>[et_pb_section fb_built=&#8220;1&#8243; _builder_version=&#8220;4.16&#8243; custom_padding=&#8220;0px||||false|false&#8220; global_colors_info=&#8220;{}&#8220;][et_pb_row _builder_version=&#8220;4.18.0&#8243; background_size=&#8220;initial&#8220; background_position=&#8220;top_left&#8220; background_repeat=&#8220;repeat&#8220; width=&#8220;90%&#8220; max_width=&#8220;100%&#8220; custom_padding=&#8220;0px||0px||false|false&#8220; global_colors_info=&#8220;{}&#8220;][et_pb_column type=&#8220;4_4&#8243; _builder_version=&#8220;4.16&#8243; custom_padding=&#8220;|||&#8220; global_colors_info=&#8220;{}&#8220; custom_padding__hover=&#8220;|||&#8220;][et_pb_wc_breadcrumb _builder_version=&#8220;4.16&#8243; global_colors_info=&#8220;{}&#8220;][\/et_pb_wc_breadcrumb][et_pb_wc_cart_notice _builder_version=&#8220;4.16&#8243; global_colors_info=&#8220;{}&#8220;][\/et_pb_wc_cart_notice][\/et_pb_column][\/et_pb_row][et_pb_row column_structure=&#8220;1_2,1_2&#8243; _builder_version=&#8220;4.18.0&#8243; background_size=&#8220;initial&#8220; background_position=&#8220;top_left&#8220; background_repeat=&#8220;repeat&#8220; width=&#8220;90%&#8220; max_width=&#8220;100%&#8220; custom_padding=&#8220;0px||||false|false&#8220; global_colors_info=&#8220;{}&#8220;][et_pb_column type=&#8220;1_2&#8243; _builder_version=&#8220;4.16&#8243; custom_padding=&#8220;|||&#8220; global_colors_info=&#8220;{}&#8220; custom_padding__hover=&#8220;|||&#8220;][et_pb_wc_images _builder_version=&#8220;4.16&#8243; global_colors_info=&#8220;{}&#8220;][\/et_pb_wc_images][\/et_pb_column][et_pb_column type=&#8220;1_2&#8243; _builder_version=&#8220;4.16&#8243; custom_padding=&#8220;|||&#8220; global_colors_info=&#8220;{}&#8220; custom_padding__hover=&#8220;|||&#8220;][et_pb_wc_title _builder_version=&#8220;4.16&#8243; global_colors_info=&#8220;{}&#8220;][\/et_pb_wc_title][et_pb_wc_rating _builder_version=&#8220;4.16&#8243; global_colors_info=&#8220;{}&#8220;][\/et_pb_wc_rating][et_pb_wc_price _builder_version=&#8220;4.16&#8243; global_colors_info=&#8220;{}&#8220;][\/et_pb_wc_price][et_pb_wc_description _builder_version=&#8220;4.16&#8243; global_colors_info=&#8220;{}&#8220;][\/et_pb_wc_description][et_pb_wc_add_to_cart _builder_version=&#8220;4.16&#8243; global_colors_info=&#8220;{}&#8220;][\/et_pb_wc_add_to_cart][et_pb_wc_meta _builder_version=&#8220;4.16&#8243; global_colors_info=&#8220;{}&#8220;][\/et_pb_wc_meta][\/et_pb_column][\/et_pb_row][et_pb_row _builder_version=&#8220;4.18.0&#8243; background_size=&#8220;initial&#8220; background_position=&#8220;top_left&#8220; background_repeat=&#8220;repeat&#8220; width=&#8220;90%&#8220; max_width=&#8220;100%&#8220; global_colors_info=&#8220;{}&#8220;][et_pb_column type=&#8220;4_4&#8243; _builder_version=&#8220;4.16&#8243; custom_padding=&#8220;|||&#8220; global_colors_info=&#8220;{}&#8220; custom_padding__hover=&#8220;|||&#8220;][et_pb_wc_tabs _builder_version=&#8220;4.16&#8243; global_colors_info=&#8220;{}&#8220;]\t\t\t\t\t[\/et_pb_wc_tabs][et_pb_wc_upsells _builder_version=&#8220;4.16&#8243; global_colors_info=&#8220;{}&#8220;][\/et_pb_wc_upsells][et_pb_wc_related_products _builder_version=&#8220;4.16&#8243; global_colors_info=&#8220;{}&#8220;][\/et_pb_wc_related_products][\/et_pb_column][\/et_pb_row][\/et_pb_section]<\/p>\n","protected":false},"excerpt":{"rendered":"<p>Ein Geschenkgutschein ist ein tolles Geschenk f\u00fcr jeden!<\/p>\n","protected":false},"featured_media":241531,"template":"","meta":{"_et_pb_use_builder":"on","_et_pb_old_content":"Ein Geschenkgutschein ist eine hervorragende Wahl, da der Beschenkte aus Lagerware w\u00e4hlen oder die Sonderanfertigung in Anspruch nehmen kann, die ganz auf die gew\u00fcnschte Gr\u00f6\u00dfe, Schnitt und Farbkombination abgestimmt ist.","_et_gb_content_width":"","_monsterinsights_skip_tracking":false,"_monsterinsights_sitenote_active":false,"_monsterinsights_sitenote_note":"","_monsterinsights_sitenote_category":0},"product_brand":[],"product_cat":[139],"product_tag":[],"class_list":{"0":"post-242820","1":"product","2":"type-product","3":"status-publish","4":"has-post-thumbnail","6":"product_cat-vorteile","8":"first","9":"instock","10":"taxable","11":"shipping-taxable","12":"purchasable","13":"product-type-variable"},"_links":{"self":[{"href":"https:\/\/www.west-blue.com\/de\/wp-json\/wp\/v2\/product\/242820","targetHints":{"allow":["GET"]}}],"collection":[{"href":"https:\/\/www.west-blue.com\/de\/wp-json\/wp\/v2\/product"}],"about":[{"href":"https:\/\/www.west-blue.com\/de\/wp-json\/wp\/v2\/types\/product"}],"wp:featuredmedia":[{"embeddable":true,"href":"https:\/\/www.west-blue.com\/de\/wp-json\/wp\/v2\/media\/241531"}],"wp:attachment":[{"href":"https:\/\/www.west-blue.com\/de\/wp-json\/wp\/v2\/media?parent=242820"}],"wp:term":[{"taxonomy":"product_brand","embeddable":true,"href":"https:\/\/www.west-blue.com\/de\/wp-json\/wp\/v2\/product_brand?post=242820"},{"taxonomy":"product_cat","embeddable":true,"href":"https:\/\/www.west-blue.com\/de\/wp-json\/wp\/v2\/product_cat?post=242820"},{"taxonomy":"product_tag","embeddable":true,"href":"https:\/\/www.west-blue.com\/de\/wp-json\/wp\/v2\/product_tag?post=242820"}],"curies":[{"name":"wp","href":"https:\/\/api.w.org\/{rel}","templated":true}]}}